{"id":334885,"date":"2021-12-13T13:55:25","date_gmt":"2021-12-13T12:55:25","guid":{"rendered":"https:\/\/pms-crew.de\/?page_id=334885"},"modified":"2026-01-23T11:14:51","modified_gmt":"2026-01-23T10:14:51","slug":"das-team-der-pms-crew","status":"publish","type":"page","link":"https:\/\/pms-crew.de\/en\/das-team-der-pms-crew\/","title":{"rendered":"team"},"content":{"rendered":"<p>[et_pb_section fb_built=&#8221;1&#8243; specialty=&#8221;on&#8221; padding_top_1=&#8221;0px&#8221; admin_label=&#8221;Unternehmen&#8221; module_id=&#8221;unternehmen&#8221; _builder_version=&#8221;4.16&#8243; background_image=&#8221;https:\/\/pms-crew.de\/wp-content\/uploads\/2021\/08\/New-Project-1.png&#8221; background_size=&#8221;initial&#8221; background_position=&#8221;bottom_center&#8221; inner_width_tablet=&#8221;&#8221; inner_width_phone=&#8221;80%&#8221; inner_width_last_edited=&#8221;on|desktop&#8221; inner_max_width=&#8221;none&#8221; inner_max_width_phone=&#8221;80%&#8221; inner_max_width_last_edited=&#8221;off|desktop&#8221; custom_padding=&#8221;79px||0px|||&#8221; global_colors_info=&#8221;{}&#8221;][et_pb_column type=&#8221;1_3&#8243; _builder_version=&#8221;4.16&#8243; custom_padding=&#8221;|||&#8221; global_colors_info=&#8221;{}&#8221; custom_padding__hover=&#8221;|||&#8221;][et_pb_menu disabled_on=&#8221;on|on|off&#8221; module_class=&#8221;pa-vertical-menu&#8221; _builder_version=&#8221;4.16&#8243; _module_preset=&#8221;default&#8221; menu_font=&#8221;Spartan|600|||||||&#8221; width=&#8221;90%&#8221; global_colors_info=&#8221;{}&#8221;][\/et_pb_menu][et_pb_menu menu_style=&#8221;centered&#8221; active_link_color=&#8221;#A92725&#8243; cart_icon_color=&#8221;#A92725&#8243; search_icon_color=&#8221;#A92725&#8243; menu_icon_color=&#8221;#A92725&#8243; disabled_on=&#8221;off|off|on&#8221; _builder_version=&#8221;4.16&#8243; _module_preset=&#8221;default&#8221; menu_text_color=&#8221;#707070&#8243; custom_padding=&#8221;5%||5%||true|false&#8221; border_width_all=&#8221;2px&#8221; border_color_all=&#8221;#efefef&#8221; global_colors_info=&#8221;{}&#8221;][\/et_pb_menu][\/et_pb_column][et_pb_column type=&#8221;2_3&#8243; specialty_columns=&#8221;2&#8243; _builder_version=&#8221;4.16&#8243; custom_padding=&#8221;|||&#8221; global_colors_info=&#8221;{}&#8221; custom_padding__hover=&#8221;|||&#8221;][et_pb_row_inner _builder_version=&#8221;4.16&#8243; background_size=&#8221;initial&#8221; background_position=&#8221;top_right&#8221; custom_margin=&#8221;||60px&#8221; custom_padding=&#8221;|40px||40px||&#8221; border_width_all=&#8221;1px&#8221; border_color_all=&#8221;rgba(0,0,0,0.12)&#8221; locked=&#8221;off&#8221; global_colors_info=&#8221;{}&#8221;][et_pb_column_inner saved_specialty_column_type=&#8221;2_3&#8243; _builder_version=&#8221;4.16&#8243; custom_padding=&#8221;|||&#8221; global_colors_info=&#8221;{}&#8221; custom_padding__hover=&#8221;|||&#8221;][et_pb_image src=&#8221;https:\/\/pms-crew.de\/wp-content\/uploads\/2021\/09\/spot_grau.png&#8221; title_text=&#8221;spot_grau&#8221; align=&#8221;right&#8221; _builder_version=&#8221;4.16&#8243; max_width=&#8221;200px&#8221; max_width_tablet=&#8221;&#8221; max_width_phone=&#8221;180px&#8221; max_width_last_edited=&#8221;on|desktop&#8221; custom_margin=&#8221;-110px|-4vw|||false|false&#8221; custom_margin_tablet=&#8221;&#8221; custom_margin_phone=&#8221;-150px||0px|&#8221; custom_margin_last_edited=&#8221;on|phone&#8221; always_center_on_mobile=&#8221;off&#8221; locked=&#8221;off&#8221; global_colors_info=&#8221;{}&#8221;][\/et_pb_image][et_pb_text _builder_version=&#8221;4.16&#8243; header_font=&#8221;||||||||&#8221; header_2_font=&#8221;|800||on|||||&#8221; header_2_font_size=&#8221;12px&#8221; header_2_letter_spacing=&#8221;0.7em&#8221; transform_scale_tablet=&#8221;&#8221; transform_scale_phone=&#8221;&#8221; transform_scale_last_edited=&#8221;on|tablet&#8221; transform_translate=&#8221;-100px|100px&#8221; transform_translate_tablet=&#8221;0px|0px&#8221; transform_translate_phone=&#8221;&#8221; transform_translate_last_edited=&#8221;on|tablet&#8221; transform_translate_linked=&#8221;off&#8221; transform_rotate=&#8221;0deg|0deg|270deg&#8221; transform_rotate_tablet=&#8221;0deg|0deg|0deg&#8221; transform_rotate_phone=&#8221;&#8221; transform_rotate_last_edited=&#8221;on|desktop&#8221; transform_skew_tablet=&#8221;&#8221; transform_skew_phone=&#8221;&#8221; transform_skew_last_edited=&#8221;on|desktop&#8221; transform_origin=&#8221;0%|50%&#8221; transform_origin_tablet=&#8221;&#8221; transform_origin_phone=&#8221;&#8221; transform_origin_last_edited=&#8221;on|desktop&#8221; transform_styles_last_edited=&#8221;on|tablet&#8221; max_width=&#8221;280px&#8221; custom_margin=&#8221;||-60px&#8221; custom_margin_tablet=&#8221;||20px&#8221; custom_margin_phone=&#8221;&#8221; custom_margin_last_edited=&#8221;on|tablet&#8221; transform_styles_tablet=&#8221;&#8221; transform_styles_phone=&#8221;&#8221; locked=&#8221;off&#8221; global_colors_info=&#8221;{}&#8221;]<\/p>\n<h2>company<\/h2>\n<p>[\/et_pb_text][et_pb_text _builder_version=&#8221;4.16&#8243; header_font=&#8221;||||||||&#8221; header_3_font=&#8221;Montserrat|600|||||||&#8221; header_3_font_size=&#8221;70px&#8221; header_3_line_height=&#8221;1.2em&#8221; header_4_font=&#8221;Spartan|600|||||||&#8221; header_4_font_size=&#8221;64px&#8221; use_background_color_gradient=&#8221;on&#8221; background_color_gradient_direction=&#8221;90deg&#8221; background_color_gradient_stops=&#8221;#eaeaea 20%|rgba(255,255,255,0) 50%&#8221; background_color_gradient_start=&#8221;#eaeaea&#8221; background_color_gradient_start_position=&#8221;20%&#8221; background_color_gradient_end=&#8221;rgba(255,255,255,0)&#8221; background_color_gradient_end_position=&#8221;50%&#8221; max_width=&#8221;700px&#8221; custom_margin=&#8221;||80px|-70px||&#8221; custom_margin_tablet=&#8221;0px||&#8221; custom_margin_phone=&#8221;|||-56px&#8221; custom_margin_last_edited=&#8221;on|phone&#8221; custom_padding=&#8221;|||10px|false|false&#8221; header_3_font_size_tablet=&#8221;50px&#8221; header_3_font_size_phone=&#8221;30px&#8221; header_3_font_size_last_edited=&#8221;on|phone&#8221; global_colors_info=&#8221;{}&#8221;]<\/p>\n<h4>our team<\/h4>\n<p>[\/et_pb_text][\/et_pb_column_inner][\/et_pb_row_inner][et_pb_row_inner use_custom_gutter=&#8221;on&#8221; gutter_width=&#8221;1&#8243; _builder_version=&#8221;4.16&#8243; background_color=&#8221;#FFFFFF&#8221; custom_margin=&#8221;||100px||false|false&#8221; custom_padding=&#8221;||||false|false&#8221; border_width_all=&#8221;1px&#8221; border_color_all=&#8221;rgba(0,0,0,0.13)&#8221; box_shadow_style=&#8221;preset2&#8243; locked=&#8221;off&#8221; global_colors_info=&#8221;{}&#8221;][et_pb_column_inner saved_specialty_column_type=&#8221;2_3&#8243; _builder_version=&#8221;4.16&#8243; custom_padding=&#8221;|||&#8221; global_colors_info=&#8221;{}&#8221; custom_padding__hover=&#8221;|||&#8221;][et_pb_text _builder_version=&#8221;4.16&#8243; _module_preset=&#8221;default&#8221; header_2_font=&#8221;Spartan||||||||&#8221; header_2_font_size=&#8221;28px&#8221; header_2_line_height=&#8221;1.6em&#8221; global_colors_info=&#8221;{}&#8221;]<\/p>\n<h2 style=\"text-align: center;\">\u2b23 Do you also want to be part of the team ? \u2b23<br \/>Then apply now!<\/h2>\n<p>[\/et_pb_text][et_pb_button button_url=&#8221;\/teil_der_crew_werden\/#teil_der_crew_werden&#8221; button_text=&#8221;jetzt bewerben!&#8221; button_alignment=&#8221;center&#8221; disabled_on=&#8221;off|off|off&#8221; admin_label=&#8221;Button: Erfahre Mehr&#8221; _builder_version=&#8221;4.16&#8243; custom_button=&#8221;on&#8221; button_text_size=&#8221;12px&#8221; button_text_color=&#8221;#ffffff&#8221; button_bg_color=&#8221;#A92725&#8243; button_border_width=&#8221;0px&#8221; button_border_radius=&#8221;0px&#8221; button_letter_spacing=&#8221;4px&#8221; button_font=&#8221;|600||on|||||&#8221; custom_margin=&#8221;||-60px|&#8221; custom_padding=&#8221;20px|30px|20px|30px|true|true&#8221; global_colors_info=&#8221;{}&#8221;][\/et_pb_button][\/et_pb_column_inner][\/et_pb_row_inner][et_pb_row_inner use_custom_gutter=&#8221;on&#8221; gutter_width=&#8221;1&#8243; _builder_version=&#8221;4.27.3&#8243; background_color=&#8221;#FFFFFF&#8221; custom_margin=&#8221;||||false|true&#8221; custom_padding=&#8221;3%||||false|false&#8221; border_width_all=&#8221;1px&#8221; border_color_all=&#8221;rgba(0,0,0,0.13)&#8221; box_shadow_style=&#8221;preset2&#8243; locked=&#8221;off&#8221; global_colors_info=&#8221;{}&#8221;][et_pb_column_inner saved_specialty_column_type=&#8221;2_3&#8243; _builder_version=&#8221;4.16&#8243; custom_padding=&#8221;|||&#8221; global_colors_info=&#8221;{}&#8221; custom_padding__hover=&#8221;|||&#8221;][et_pb_text _builder_version=&#8221;4.16&#8243; header_font=&#8221;||||||||&#8221; header_3_font=&#8221;Montserrat|600|||||||&#8221; header_3_font_size=&#8221;70px&#8221; header_3_line_height=&#8221;1.2em&#8221; header_4_font=&#8221;Spartan|600|||||||&#8221; header_4_font_size=&#8221;48px&#8221; use_background_color_gradient=&#8221;on&#8221; background_color_gradient_direction=&#8221;90deg&#8221; background_color_gradient_stops=&#8221;#eaeaea 20%|rgba(255,255,255,0) 50%&#8221; background_color_gradient_start=&#8221;#eaeaea&#8221; background_color_gradient_start_position=&#8221;20%&#8221; background_color_gradient_end=&#8221;rgba(255,255,255,0)&#8221; background_color_gradient_end_position=&#8221;50%&#8221; max_width=&#8221;700px&#8221; custom_margin=&#8221;||80px|-70px||&#8221; custom_margin_tablet=&#8221;0px||&#8221; custom_margin_phone=&#8221;|||-56px&#8221; custom_margin_last_edited=&#8221;on|phone&#8221; custom_padding=&#8221;8px|||10px|false|false&#8221; header_3_font_size_tablet=&#8221;50px&#8221; header_3_font_size_phone=&#8221;30px&#8221; header_3_font_size_last_edited=&#8221;on|phone&#8221; global_colors_info=&#8221;{}&#8221;]<\/p>\n<h4>\u2b23 Event<\/h4>\n<p>[\/et_pb_text][et_pb_team_member name=&#8221; Christian Tauer (M\u00fccke)&#8221; position=&#8221;Gesch\u00e4ftsf\u00fchrer&#8221; image_url=&#8221;https:\/\/pms-crew.de\/wp-content\/uploads\/2021\/12\/Team_dummy-e1640789447526.png&#8221; _builder_version=&#8221;4.16&#8243; _module_preset=&#8221;default&#8221; header_font=&#8221;Spartan||||||||&#8221; body_link_font=&#8221;||||on||||&#8221; body_link_text_color=&#8221;#A92725&#8243; custom_margin=&#8221;|2%||2%|false|true&#8221; custom_padding=&#8221;3%||||false|false&#8221; border_width_bottom=&#8221;1px&#8221; border_color_bottom=&#8221;#ededed&#8221; global_colors_info=&#8221;{}&#8221;]<\/p>\n<p>09571\/949330<br \/><a href=\"mailto:chris@pms-crew.de\">chris@pms-crew.de<\/a><br \/><a href=\"mailto:c.tauer@pms-industrial.de\">c.tauer@pms-industrial.de<\/a><\/p>\n<p>[\/et_pb_team_member][et_pb_team_member name=&#8221;Gareth Lathan (Hotte)&#8221; position=&#8221;Prokurist&#8221; image_url=&#8221;https:\/\/pms-crew.de\/wp-content\/uploads\/2021\/12\/Team_dummy-e1640789447526.png&#8221; _builder_version=&#8221;4.16&#8243; _module_preset=&#8221;default&#8221; header_font=&#8221;Spartan||||||||&#8221; body_link_font=&#8221;||||on||||&#8221; body_link_text_color=&#8221;#A92725&#8243; custom_margin=&#8221;|2%||2%|false|true&#8221; custom_padding=&#8221;3%||||false|false&#8221; border_width_bottom=&#8221;1px&#8221; border_color_bottom=&#8221;#ededed&#8221; global_colors_info=&#8221;{}&#8221;]<\/p>\n<p>09571\/949330<br \/><a href=\"mailto:hotte@pms-crew.de\">hotte@pms-crew.de<\/a><\/p>\n<p>[\/et_pb_team_member][et_pb_team_member name=&#8221;Michael Fischer (Michl)&#8221; position=&#8221;Assistent der Gesch\u00e4ftsf\u00fchrung&#8221; image_url=&#8221;https:\/\/pms-crew.de\/wp-content\/uploads\/2021\/12\/Team_dummy-e1640789447526.png&#8221; _builder_version=&#8221;4.27.5&#8243; _module_preset=&#8221;default&#8221; header_font=&#8221;Spartan||||||||&#8221; body_link_font=&#8221;||||on||||&#8221; body_link_text_color=&#8221;#A92725&#8243; custom_margin=&#8221;|2%||2%|false|true&#8221; custom_padding=&#8221;3%||||false|false&#8221; hover_enabled=&#8221;0&#8243; border_width_bottom=&#8221;1px&#8221; border_color_bottom=&#8221;#ededed&#8221; global_colors_info=&#8221;{}&#8221; sticky_enabled=&#8221;0&#8243;]<\/p>\n<p>09571\/949330<br \/><a href=\"mailto:michle@pms-crew.de\">michl@pms-crew.de<\/a><\/p>\n<p>[\/et_pb_team_member][et_pb_team_member name=&#8221;Nicole Schilling (B\u00e4rbel)&#8221; position=&#8221;Disponentin&#8221; image_url=&#8221;https:\/\/pms-crew.de\/wp-content\/uploads\/2021\/12\/Team_dummy-e1640789447526.png&#8221; _builder_version=&#8221;4.16&#8243; _module_preset=&#8221;default&#8221; header_font=&#8221;Spartan||||||||&#8221; body_link_font=&#8221;||||on||||&#8221; body_link_text_color=&#8221;#A92725&#8243; custom_margin=&#8221;|2%||2%|false|true&#8221; custom_padding=&#8221;3%||||false|false&#8221; border_width_bottom=&#8221;1px&#8221; border_color_bottom=&#8221;#ededed&#8221; global_colors_info=&#8221;{}&#8221;]<\/p>\n<p>09571\/949330<br \/><a href=\"mailto:nicole@pms-crew.de\">nicole@pms-crew.de<\/a><\/p>\n<p>[\/et_pb_team_member][et_pb_team_member name=&#8221;Anja Paulfranz&#8221; position=&#8221;Lohn-Sachbearbeiterin&#8221; image_url=&#8221;https:\/\/pms-crew.de\/wp-content\/uploads\/2021\/12\/Team_dummy-e1640789447526.png&#8221; _builder_version=&#8221;4.16&#8243; _module_preset=&#8221;default&#8221; header_font=&#8221;Spartan||||||||&#8221; body_link_font=&#8221;||||on||||&#8221; body_link_text_color=&#8221;#A92725&#8243; custom_margin=&#8221;|2%||2%|false|true&#8221; custom_padding=&#8221;3%||||false|false&#8221; border_width_bottom=&#8221;1px&#8221; border_color_bottom=&#8221;#ededed&#8221; global_colors_info=&#8221;{}&#8221;]<\/p>\n<p>09571\/949330<br \/><a href=\"mailto:anja@pms-crew.de\">anja@pms-crew.de<\/a><\/p>\n<p>[\/et_pb_team_member][et_pb_team_member name=&#8221;Patrick Hellenbrand&#8221; position=&#8221;Backoffice&#8221; image_url=&#8221;https:\/\/pms-crew.de\/wp-content\/uploads\/2021\/12\/Team_dummy-e1640789447526.png&#8221; _builder_version=&#8221;4.23&#8243; _module_preset=&#8221;default&#8221; header_font=&#8221;Spartan||||||||&#8221; body_link_font=&#8221;||||on||||&#8221; body_link_text_color=&#8221;#A92725&#8243; custom_margin=&#8221;|2%||2%|false|true&#8221; custom_padding=&#8221;3%||||false|false&#8221; border_width_bottom=&#8221;1px&#8221; border_color_bottom=&#8221;#ededed&#8221; global_colors_info=&#8221;{}&#8221;]<\/p>\n<p>09571\/949330<br \/><a href=\"mailto:helle@pms-crew.de\">helle@pms-crew.de<\/a><\/p>\n<p>[\/et_pb_team_member][et_pb_team_member name=&#8221; Florian Galler&#8221; position=&#8221;Backoffice \/ Eventbetreuung&#8221; image_url=&#8221;https:\/\/pms-crew.de\/wp-content\/uploads\/2021\/12\/Team_dummy-e1640789447526.png&#8221; _builder_version=&#8221;4.27.3&#8243; _module_preset=&#8221;default&#8221; header_font=&#8221;Spartan||||||||&#8221; body_link_font=&#8221;||||on||||&#8221; body_link_text_color=&#8221;#A92725&#8243; custom_margin=&#8221;|2%||2%|false|true&#8221; custom_padding=&#8221;3%||||false|false&#8221; border_width_bottom=&#8221;1px&#8221; border_color_bottom=&#8221;#ededed&#8221; global_colors_info=&#8221;{}&#8221;]<\/p>\n<p>09571\/949330<br \/><a href=\"mailto:cj@pms-crew.de\">boffy@pms-crew.de<\/a><\/p>\n<p>[\/et_pb_team_member][\/et_pb_column_inner][\/et_pb_row_inner][et_pb_row_inner use_custom_gutter=&#8221;on&#8221; gutter_width=&#8221;1&#8243; _builder_version=&#8221;4.16&#8243; background_color=&#8221;#FFFFFF&#8221; custom_padding=&#8221;||||false|false&#8221; border_width_all=&#8221;1px&#8221; border_color_all=&#8221;rgba(0,0,0,0.13)&#8221; box_shadow_style=&#8221;preset2&#8243; locked=&#8221;off&#8221; global_colors_info=&#8221;{}&#8221;][et_pb_column_inner saved_specialty_column_type=&#8221;2_3&#8243; _builder_version=&#8221;4.16&#8243; custom_padding=&#8221;|||&#8221; global_colors_info=&#8221;{}&#8221; custom_padding__hover=&#8221;|||&#8221;][et_pb_text _builder_version=&#8221;4.16&#8243; header_font=&#8221;||||||||&#8221; header_3_font=&#8221;Montserrat|600|||||||&#8221; header_3_font_size=&#8221;70px&#8221; header_3_line_height=&#8221;1.2em&#8221; header_4_font=&#8221;Spartan|600|||||||&#8221; header_4_font_size=&#8221;48px&#8221; use_background_color_gradient=&#8221;on&#8221; background_color_gradient_direction=&#8221;90deg&#8221; background_color_gradient_stops=&#8221;#eaeaea 20%|rgba(255,255,255,0) 50%&#8221; background_color_gradient_start=&#8221;#eaeaea&#8221; background_color_gradient_start_position=&#8221;20%&#8221; background_color_gradient_end=&#8221;rgba(255,255,255,0)&#8221; background_color_gradient_end_position=&#8221;50%&#8221; max_width=&#8221;700px&#8221; custom_margin=&#8221;||80px|-70px||&#8221; custom_margin_tablet=&#8221;0px||&#8221; custom_margin_phone=&#8221;|||-56px&#8221; custom_margin_last_edited=&#8221;on|phone&#8221; custom_padding=&#8221;8px|||10px|false|false&#8221; header_3_font_size_tablet=&#8221;50px&#8221; header_3_font_size_phone=&#8221;30px&#8221; header_3_font_size_last_edited=&#8221;on|phone&#8221; global_colors_info=&#8221;{}&#8221;]<\/p>\n<h4>\u2b23 Industrial<\/h4>\n<p>[\/et_pb_text][et_pb_team_member name=&#8221; Christian Tauer (M\u00fccke)&#8221; position=&#8221;Gesch\u00e4ftsf\u00fchrer&#8221; image_url=&#8221;https:\/\/pms-crew.de\/wp-content\/uploads\/2021\/12\/Team_dummy-e1640789447526.png&#8221; _builder_version=&#8221;4.16&#8243; _module_preset=&#8221;default&#8221; header_font=&#8221;Spartan||||||||&#8221; body_link_font=&#8221;||||on||||&#8221; body_link_text_color=&#8221;#A92725&#8243; custom_margin=&#8221;|2%||2%|false|true&#8221; custom_padding=&#8221;3%||||false|false&#8221; border_width_bottom=&#8221;1px&#8221; border_color_bottom=&#8221;#ededed&#8221; global_colors_info=&#8221;{}&#8221;]<\/p>\n<p>09571\/949330<br \/><a href=\"mailto:chris@pms-crew.de\">chris@pms-crew.de<\/a><br \/><a href=\"mailto:c.tauer@pms-industrial.de\">c.tauer@pms-industrial.de<\/a><\/p>\n<p>[\/et_pb_team_member][\/et_pb_column_inner][\/et_pb_row_inner][\/et_pb_column][\/et_pb_section]<\/p>","protected":false},"excerpt":{"rendered":"<p>UnternehmenUnser Team\u2b23 M\u00f6chtest du auch Teil des Teams werden ? \u2b23Dann bewerbe dich jetzt!\u2b23 Event09571\/949330chris@pms-crew.dec.tauer@pms-industrial.de09571\/949330hotte@pms-crew.de09571\/949330michl@pms-crew.de09571\/949330nicole@pms-crew.de09571\/949330anja@pms-crew.de09571\/949330helle@pms-crew.de09571\/949330boffy@pms-crew.de\u2b23 Industrial09571\/949330chris@pms-crew.dec.tauer@pms-industrial.de<\/p>","protected":false},"author":62,"featured_media":-3,"parent":0,"menu_order":0,"comment_status":"closed","ping_status":"closed","template":"","meta":{"_et_pb_use_builder":"on","_et_pb_old_content":"","_et_gb_content_width":"","footnotes":""},"class_list":["post-334885","page","type-page","status-publish","has-post-thumbnail","hentry"],"yoast_head":"<!-- This site is optimized with the Yoast SEO plugin v27.4 - https:\/\/yoast.com\/product\/yoast-seo-wordpress\/ -->\n<title>Das Team der PMS crew support GmbH<\/title>\n<meta name=\"description\" content=\"Unser Team stellt sich kurz vor und hier erhaltet ihr Kontaktdaten der wichtigsten Ansprechpartner.\" \/>\n<meta name=\"robots\" content=\"index, follow, max-snippet:-1, max-image-preview:large, max-video-preview:-1\" \/>\n<link rel=\"canonical\" href=\"https:\/\/pms-crew.de\/en\/das-team-der-pms-crew\/\" \/>\n<meta property=\"og:locale\" content=\"en_US\" \/>\n<meta property=\"og:type\" content=\"article\" \/>\n<meta property=\"og:title\" content=\"Das Team der PMS crew support GmbH\" \/>\n<meta property=\"og:description\" content=\"Unser Team stellt sich kurz vor und hier erhaltet ihr Kontaktdaten der wichtigsten Ansprechpartner.\" \/>\n<meta property=\"og:url\" content=\"https:\/\/pms-crew.de\/en\/das-team-der-pms-crew\/\" \/>\n<meta property=\"og:site_name\" content=\"PMS-Crew\" \/>\n<meta property=\"article:publisher\" content=\"https:\/\/de-de.facebook.com\/pmssupportgmbh\" \/>\n<meta property=\"article:modified_time\" content=\"2026-01-23T10:14:51+00:00\" \/>\n<meta property=\"og:image\" content=\"https:\/\/pms-crew.de\/wp-content\/uploads\/2021\/09\/wabe_start2-1.png\" \/>\n\t<meta property=\"og:image:width\" content=\"680\" \/>\n\t<meta property=\"og:image:height\" content=\"584\" \/>\n\t<meta property=\"og:image:type\" content=\"image\/png\" \/>\n<meta name=\"twitter:card\" content=\"summary_large_image\" \/>\n<meta name=\"twitter:site\" content=\"@pmscrewsupport\" \/>\n<meta name=\"twitter:label1\" content=\"Est. reading time\" \/>\n\t<meta name=\"twitter:data1\" content=\"3 minutes\" \/>\n<script type=\"application\/ld+json\" class=\"yoast-schema-graph\">{\"@context\":\"https:\\\/\\\/schema.org\",\"@graph\":[{\"@type\":\"WebPage\",\"@id\":\"https:\\\/\\\/pms-crew.de\\\/das-team-der-pms-crew\\\/\",\"url\":\"https:\\\/\\\/pms-crew.de\\\/das-team-der-pms-crew\\\/\",\"name\":\"Das Team der PMS crew support GmbH\",\"isPartOf\":{\"@id\":\"https:\\\/\\\/pms-crew.de\\\/#website\"},\"datePublished\":\"2021-12-13T12:55:25+00:00\",\"dateModified\":\"2026-01-23T10:14:51+00:00\",\"description\":\"Unser Team stellt sich kurz vor und hier erhaltet ihr Kontaktdaten der wichtigsten Ansprechpartner.\",\"breadcrumb\":{\"@id\":\"https:\\\/\\\/pms-crew.de\\\/das-team-der-pms-crew\\\/#breadcrumb\"},\"inLanguage\":\"en-US\",\"potentialAction\":[{\"@type\":\"ReadAction\",\"target\":[\"https:\\\/\\\/pms-crew.de\\\/das-team-der-pms-crew\\\/\"]}]},{\"@type\":\"BreadcrumbList\",\"@id\":\"https:\\\/\\\/pms-crew.de\\\/das-team-der-pms-crew\\\/#breadcrumb\",\"itemListElement\":[{\"@type\":\"ListItem\",\"position\":1,\"name\":\"Startseite\",\"item\":\"https:\\\/\\\/pms-crew.de\\\/\"},{\"@type\":\"ListItem\",\"position\":2,\"name\":\"Team\"}]},{\"@type\":\"WebSite\",\"@id\":\"https:\\\/\\\/pms-crew.de\\\/#website\",\"url\":\"https:\\\/\\\/pms-crew.de\\\/\",\"name\":\"PMS-Crew\",\"description\":\"anywhere - anytime - anyjob\",\"publisher\":{\"@id\":\"https:\\\/\\\/pms-crew.de\\\/#organization\"},\"potentialAction\":[{\"@type\":\"SearchAction\",\"target\":{\"@type\":\"EntryPoint\",\"urlTemplate\":\"https:\\\/\\\/pms-crew.de\\\/?s={search_term_string}\"},\"query-input\":{\"@type\":\"PropertyValueSpecification\",\"valueRequired\":true,\"valueName\":\"search_term_string\"}}],\"inLanguage\":\"en-US\"},{\"@type\":\"Organization\",\"@id\":\"https:\\\/\\\/pms-crew.de\\\/#organization\",\"name\":\"PMS Crew Support GmbH\",\"url\":\"https:\\\/\\\/pms-crew.de\\\/\",\"logo\":{\"@type\":\"ImageObject\",\"inLanguage\":\"en-US\",\"@id\":\"https:\\\/\\\/pms-crew.de\\\/#\\\/schema\\\/logo\\\/image\\\/\",\"url\":\"https:\\\/\\\/pms-crew.de\\\/wp-content\\\/uploads\\\/2021\\\/09\\\/PMS-Logo-RGB-positiv.png\",\"contentUrl\":\"https:\\\/\\\/pms-crew.de\\\/wp-content\\\/uploads\\\/2021\\\/09\\\/PMS-Logo-RGB-positiv.png\",\"width\":3010,\"height\":989,\"caption\":\"PMS Crew Support GmbH\"},\"image\":{\"@id\":\"https:\\\/\\\/pms-crew.de\\\/#\\\/schema\\\/logo\\\/image\\\/\"},\"sameAs\":[\"https:\\\/\\\/de-de.facebook.com\\\/pmssupportgmbh\",\"https:\\\/\\\/x.com\\\/pmscrewsupport\",\"https:\\\/\\\/www.youtube.com\\\/channel\\\/UCXzk4SCGUcQ2_95Skkgnnkg\"]}]}<\/script>\n<!-- \/ Yoast SEO plugin. -->","yoast_head_json":{"title":"Das Team der PMS crew support GmbH","description":"Unser Team stellt sich kurz vor und hier erhaltet ihr Kontaktdaten der wichtigsten Ansprechpartner.","robots":{"index":"index","follow":"follow","max-snippet":"max-snippet:-1","max-image-preview":"max-image-preview:large","max-video-preview":"max-video-preview:-1"},"canonical":"https:\/\/pms-crew.de\/en\/das-team-der-pms-crew\/","og_locale":"en_US","og_type":"article","og_title":"Das Team der PMS crew support GmbH","og_description":"Unser Team stellt sich kurz vor und hier erhaltet ihr Kontaktdaten der wichtigsten Ansprechpartner.","og_url":"https:\/\/pms-crew.de\/en\/das-team-der-pms-crew\/","og_site_name":"PMS-Crew","article_publisher":"https:\/\/de-de.facebook.com\/pmssupportgmbh","article_modified_time":"2026-01-23T10:14:51+00:00","og_image":[{"width":680,"height":584,"url":"https:\/\/pms-crew.de\/wp-content\/uploads\/2021\/09\/wabe_start2-1.png","type":"image\/png"}],"twitter_card":"summary_large_image","twitter_site":"@pmscrewsupport","twitter_misc":{"Est. reading time":"3 minutes"},"schema":{"@context":"https:\/\/schema.org","@graph":[{"@type":"WebPage","@id":"https:\/\/pms-crew.de\/das-team-der-pms-crew\/","url":"https:\/\/pms-crew.de\/das-team-der-pms-crew\/","name":"Das Team der PMS crew support GmbH","isPartOf":{"@id":"https:\/\/pms-crew.de\/#website"},"datePublished":"2021-12-13T12:55:25+00:00","dateModified":"2026-01-23T10:14:51+00:00","description":"Unser Team stellt sich kurz vor und hier erhaltet ihr Kontaktdaten der wichtigsten Ansprechpartner.","breadcrumb":{"@id":"https:\/\/pms-crew.de\/das-team-der-pms-crew\/#breadcrumb"},"inLanguage":"en-US","potentialAction":[{"@type":"ReadAction","target":["https:\/\/pms-crew.de\/das-team-der-pms-crew\/"]}]},{"@type":"BreadcrumbList","@id":"https:\/\/pms-crew.de\/das-team-der-pms-crew\/#breadcrumb","itemListElement":[{"@type":"ListItem","position":1,"name":"Startseite","item":"https:\/\/pms-crew.de\/"},{"@type":"ListItem","position":2,"name":"Team"}]},{"@type":"WebSite","@id":"https:\/\/pms-crew.de\/#website","url":"https:\/\/pms-crew.de\/","name":"PMS-Crew","description":"anywhere - anytime - anyjob","publisher":{"@id":"https:\/\/pms-crew.de\/#organization"},"potentialAction":[{"@type":"SearchAction","target":{"@type":"EntryPoint","urlTemplate":"https:\/\/pms-crew.de\/?s={search_term_string}"},"query-input":{"@type":"PropertyValueSpecification","valueRequired":true,"valueName":"search_term_string"}}],"inLanguage":"en-US"},{"@type":"Organization","@id":"https:\/\/pms-crew.de\/#organization","name":"PMS Crew Support GmbH","url":"https:\/\/pms-crew.de\/","logo":{"@type":"ImageObject","inLanguage":"en-US","@id":"https:\/\/pms-crew.de\/#\/schema\/logo\/image\/","url":"https:\/\/pms-crew.de\/wp-content\/uploads\/2021\/09\/PMS-Logo-RGB-positiv.png","contentUrl":"https:\/\/pms-crew.de\/wp-content\/uploads\/2021\/09\/PMS-Logo-RGB-positiv.png","width":3010,"height":989,"caption":"PMS Crew Support GmbH"},"image":{"@id":"https:\/\/pms-crew.de\/#\/schema\/logo\/image\/"},"sameAs":["https:\/\/de-de.facebook.com\/pmssupportgmbh","https:\/\/x.com\/pmscrewsupport","https:\/\/www.youtube.com\/channel\/UCXzk4SCGUcQ2_95Skkgnnkg"]}]}},"publishpress_future_action":{"enabled":false,"date":"2026-05-06 09:26:34","action":"change-status","newStatus":"draft","terms":[],"taxonomy":"","extraData":[]},"publishpress_future_workflow_manual_trigger":{"enabledWorkflows":[]},"_links":{"self":[{"href":"https:\/\/pms-crew.de\/en\/wp-json\/wp\/v2\/pages\/334885","targetHints":{"allow":["GET"]}}],"collection":[{"href":"https:\/\/pms-crew.de\/en\/wp-json\/wp\/v2\/pages"}],"about":[{"href":"https:\/\/pms-crew.de\/en\/wp-json\/wp\/v2\/types\/page"}],"author":[{"embeddable":true,"href":"https:\/\/pms-crew.de\/en\/wp-json\/wp\/v2\/users\/62"}],"replies":[{"embeddable":true,"href":"https:\/\/pms-crew.de\/en\/wp-json\/wp\/v2\/comments?post=334885"}],"version-history":[{"count":52,"href":"https:\/\/pms-crew.de\/en\/wp-json\/wp\/v2\/pages\/334885\/revisions"}],"predecessor-version":[{"id":336018,"href":"https:\/\/pms-crew.de\/en\/wp-json\/wp\/v2\/pages\/334885\/revisions\/336018"}],"wp:featuredmedia":[{"embeddable":true,"href":"https:\/\/pms-crew.de\/en\/wp-json\/"}],"wp:attachment":[{"href":"https:\/\/pms-crew.de\/en\/wp-json\/wp\/v2\/media?parent=334885"}],"curies":[{"name":"wp","href":"https:\/\/api.w.org\/{rel}","templated":true}]}}