{"id":333875,"date":"2021-09-29T12:53:38","date_gmt":"2021-09-29T10:53:38","guid":{"rendered":"https:\/\/pms-crew.de\/?page_id=333875"},"modified":"2021-12-22T12:17:08","modified_gmt":"2021-12-22T11:17:08","slug":"impressum","status":"publish","type":"page","link":"https:\/\/pms-crew.de\/ro\/impressum\/","title":{"rendered":"Impressum"},"content":{"rendered":"<p>[et_pb_section fb_built=&#8221;1&#8243; specialty=&#8221;on&#8221; padding_top_1=&#8221;0px&#8221; admin_label=&#8221;Sektion Impressum&#8221; module_id=&#8221;unternehmen&#8221; _builder_version=&#8221;4.14.4&#8243; background_image=&#8221;https:\/\/pms-crew.de\/wp-content\/uploads\/2021\/08\/New-Project-1.png&#8221; background_size=&#8221;initial&#8221; background_position=&#8221;bottom_center&#8221; inner_width_tablet=&#8221;&#8221; inner_width_phone=&#8221;80%&#8221; inner_width_last_edited=&#8221;on|desktop&#8221; inner_max_width=&#8221;none&#8221; inner_max_width_phone=&#8221;80%&#8221; inner_max_width_last_edited=&#8221;off|desktop&#8221; custom_padding=&#8221;79px||0px|||&#8221; global_colors_info=&#8221;{}&#8221;][et_pb_column type=&#8221;1_3&#8243; _builder_version=&#8221;3.25&#8243; custom_padding=&#8221;|||&#8221; global_colors_info=&#8221;{}&#8221; custom_padding__hover=&#8221;|||&#8221;][et_pb_menu disabled_on=&#8221;on|on|off&#8221; module_class=&#8221;pa-vertical-menu&#8221; _builder_version=&#8221;4.14.2&#8243; _module_preset=&#8221;default&#8221; menu_font=&#8221;Spartan|600|||||||&#8221; width=&#8221;90%&#8221; global_colors_info=&#8221;{}&#8221;][\/et_pb_menu][et_pb_menu menu_style=&#8221;centered&#8221; active_link_color=&#8221;#A92725&#8243; cart_icon_color=&#8221;#A92725&#8243; search_icon_color=&#8221;#A92725&#8243; menu_icon_color=&#8221;#A92725&#8243; disabled_on=&#8221;off|off|on&#8221; _builder_version=&#8221;4.14.2&#8243; _module_preset=&#8221;default&#8221; menu_text_color=&#8221;#707070&#8243; custom_padding=&#8221;5%||5%||true|false&#8221; border_width_all=&#8221;2px&#8221; border_color_all=&#8221;#efefef&#8221; global_colors_info=&#8221;{}&#8221;][\/et_pb_menu][\/et_pb_column][et_pb_column type=&#8221;2_3&#8243; specialty_columns=&#8221;2&#8243; _builder_version=&#8221;3.25&#8243; custom_padding=&#8221;|||&#8221; global_colors_info=&#8221;{}&#8221; custom_padding__hover=&#8221;|||&#8221;][et_pb_row_inner admin_label=&#8221;Zeile \u00dcberschriften&#8221; _builder_version=&#8221;4.14.4&#8243; background_size=&#8221;initial&#8221; background_position=&#8221;top_right&#8221; custom_margin=&#8221;||60px&#8221; custom_padding=&#8221;|40px||40px||&#8221; border_width_all=&#8221;1px&#8221; border_color_all=&#8221;rgba(0,0,0,0.12)&#8221; locked=&#8221;off&#8221; global_colors_info=&#8221;{}&#8221;][et_pb_column_inner saved_specialty_column_type=&#8221;2_3&#8243; _builder_version=&#8221;3.25&#8243; custom_padding=&#8221;|||&#8221; global_colors_info=&#8221;{}&#8221; custom_padding__hover=&#8221;|||&#8221;][et_pb_image src=&#8221;https:\/\/pms-crew.de\/wp-content\/uploads\/2021\/09\/spot_grau.png&#8221; title_text=&#8221;spot_grau&#8221; align=&#8221;right&#8221; admin_label=&#8221;Bild Scheinwerfer rechts&#8221; _builder_version=&#8221;4.14.4&#8243; max_width=&#8221;200px&#8221; max_width_tablet=&#8221;&#8221; max_width_phone=&#8221;180px&#8221; max_width_last_edited=&#8221;on|desktop&#8221; custom_margin=&#8221;-110px|-4vw|||false|false&#8221; custom_margin_tablet=&#8221;&#8221; custom_margin_phone=&#8221;-150px||0px|&#8221; custom_margin_last_edited=&#8221;on|phone&#8221; always_center_on_mobile=&#8221;off&#8221; locked=&#8221;off&#8221; global_colors_info=&#8221;{}&#8221;][\/et_pb_image][et_pb_text admin_label=&#8221;\u00dcberschrift Vertikal&#8221; _builder_version=&#8221;4.14.4&#8243; header_font=&#8221;||||||||&#8221; header_2_font=&#8221;|800||on|||||&#8221; header_2_font_size=&#8221;12px&#8221; header_2_letter_spacing=&#8221;0.7em&#8221; transform_scale_tablet=&#8221;&#8221; transform_scale_phone=&#8221;&#8221; transform_scale_last_edited=&#8221;on|tablet&#8221; transform_translate=&#8221;-100px|100px&#8221; transform_translate_tablet=&#8221;0px|0px&#8221; transform_translate_phone=&#8221;&#8221; transform_translate_last_edited=&#8221;on|tablet&#8221; transform_translate_linked=&#8221;off&#8221; transform_rotate=&#8221;0deg|0deg|270deg&#8221; transform_rotate_tablet=&#8221;0deg|0deg|0deg&#8221; transform_rotate_phone=&#8221;&#8221; transform_rotate_last_edited=&#8221;on|desktop&#8221; transform_skew_tablet=&#8221;&#8221; transform_skew_phone=&#8221;&#8221; transform_skew_last_edited=&#8221;on|desktop&#8221; transform_origin=&#8221;0%|50%&#8221; transform_origin_tablet=&#8221;&#8221; transform_origin_phone=&#8221;&#8221; transform_origin_last_edited=&#8221;on|desktop&#8221; transform_styles_last_edited=&#8221;on|tablet&#8221; max_width=&#8221;280px&#8221; custom_margin=&#8221;||-60px&#8221; custom_margin_tablet=&#8221;||20px&#8221; custom_margin_phone=&#8221;&#8221; custom_margin_last_edited=&#8221;on|tablet&#8221; transform_styles_tablet=&#8221;&#8221; transform_styles_phone=&#8221;&#8221; locked=&#8221;off&#8221; global_colors_info=&#8221;{}&#8221;]<\/p>\n<h2>pms crew support<\/h2>\n<p>[\/et_pb_text][et_pb_text admin_label=&#8221;\u00dcberschrift Impressum&#8221; _builder_version=&#8221;4.14.4&#8243; header_font=&#8221;||||||||&#8221; header_3_font=&#8221;Montserrat|600|||||||&#8221; header_3_font_size=&#8221;70px&#8221; header_3_line_height=&#8221;1.2em&#8221; header_4_font=&#8221;Spartan|600|||||||&#8221; header_4_font_size=&#8221;64px&#8221; use_background_color_gradient=&#8221;on&#8221; background_color_gradient_start=&#8221;#eaeaea&#8221; background_color_gradient_end=&#8221;rgba(255,255,255,0)&#8221; background_color_gradient_direction=&#8221;90deg&#8221; background_color_gradient_start_position=&#8221;20%&#8221; background_color_gradient_end_position=&#8221;50%&#8221; max_width=&#8221;700px&#8221; custom_margin=&#8221;||80px|-70px||&#8221; custom_margin_tablet=&#8221;0px||&#8221; custom_margin_phone=&#8221;|||-56px&#8221; custom_margin_last_edited=&#8221;on|phone&#8221; custom_padding=&#8221;|||10px|false|false&#8221; header_3_font_size_tablet=&#8221;50px&#8221; header_3_font_size_phone=&#8221;30px&#8221; header_3_font_size_last_edited=&#8221;on|phone&#8221; header_4_font_size_tablet=&#8221;48px&#8221; header_4_font_size_phone=&#8221;36px&#8221; header_4_font_size_last_edited=&#8221;on|tablet&#8221; global_colors_info=&#8221;{}&#8221;]<\/p>\n<h4>Impressum<\/h4>\n<p>[\/et_pb_text][\/et_pb_column_inner][\/et_pb_row_inner][et_pb_row_inner use_custom_gutter=&#8221;on&#8221; gutter_width=&#8221;1&#8243; admin_label=&#8221;Zeile Text Impressum&#8221; _builder_version=&#8221;4.14.4&#8243; custom_padding=&#8221;0px||0px||false|false&#8221; locked=&#8221;off&#8221; global_colors_info=&#8221;{}&#8221;][et_pb_column_inner saved_specialty_column_type=&#8221;2_3&#8243; _builder_version=&#8221;3.25&#8243; custom_padding=&#8221;|||&#8221; global_colors_info=&#8221;{}&#8221; custom_padding__hover=&#8221;|||&#8221;][et_pb_text admin_label=&#8221;Impressum Text&#8221; _builder_version=&#8221;4.14.4&#8243; text_font=&#8221;||||||||&#8221; text_font_size=&#8221;17px&#8221; text_line_height=&#8221;1.8em&#8221; header_font=&#8221;||||||||&#8221; header_2_font=&#8221;Montserrat|600|||||||&#8221; header_2_font_size=&#8221;80px&#8221; header_2_line_height=&#8221;1.2em&#8221; header_3_font=&#8221;Spartan|600|||||||&#8221; header_3_text_color=&#8221;#A92725&#8243; background_color_gradient_direction=&#8221;90deg&#8221; custom_margin=&#8221;||0px||false|false&#8221; custom_margin_last_edited=&#8221;off|desktop&#8221; hover_enabled=&#8221;0&#8243; text_font_size_tablet=&#8221;&#8221; text_font_size_phone=&#8221;15px&#8221; text_font_size_last_edited=&#8221;on|desktop&#8221; text_line_height_tablet=&#8221;&#8221; text_line_height_phone=&#8221;1.7em&#8221; text_line_height_last_edited=&#8221;on|phone&#8221; header_2_font_size_tablet=&#8221;50px&#8221; header_2_font_size_phone=&#8221;30px&#8221; header_2_font_size_last_edited=&#8221;on|phone&#8221; header_3_font_size_tablet=&#8221;&#8221; header_3_font_size_phone=&#8221;18px&#8221; header_3_font_size_last_edited=&#8221;on|phone&#8221; locked=&#8221;off&#8221; global_colors_info=&#8221;{}&#8221; link_text_color=&#8221;#A92725&#8243; sticky_enabled=&#8221;0&#8243;]<\/p>\n<h3>Detaiil conform \u00a7 5 TMG<\/h3>\n<p>PMS Crew Support GmbH<br \/>Bahnhofstra\u00dfe 7<br \/>96215 Lichtenfels<\/p>\n<p>Handelsregister: HRB 4817<br \/>Registergericht: Amtsgericht Coburg<\/p>\n<p><strong>Reprezentat\u0103 de<br \/><\/strong>Christian Tauer<\/p>\n<p>&nbsp;<\/p>\n<h3>KONTAKT:<\/h3>\n<p class=\"multiline\"><img loading=\"lazy\" decoding=\"async\" class=\"wp-image-333891 alignnone size-medium\" style=\"font-family: Georgia, 'Times New Roman', 'Bitstream Charter', Times, serif;\" src=\"https:\/\/pms-crew.de\/wp-content\/uploads\/2021\/09\/outline_phone_black_48dp.png\" alt=\"\" width=\"30\" height=\"30\" \/>\u00a0 \u00a0<strong>+49 9571 949 33 0<\/strong><\/p>\n<p class=\"multiline\"><img loading=\"lazy\" decoding=\"async\" class=\"wp-image-333890 alignnone size-medium\" src=\"https:\/\/pms-crew.de\/wp-content\/uploads\/2021\/09\/outline_fax_black_48dp.png\" alt=\"\" width=\"30\" height=\"30\" \/> \u00a0<strong>+49 9571 949 33 29<\/strong><\/p>\n<p class=\"multiline\"><img loading=\"lazy\" decoding=\"async\" class=\"wp-image-333889 alignnone size-full\" src=\"https:\/\/pms-crew.de\/wp-content\/uploads\/2021\/09\/outline_email_black_48dp.png\" alt=\"\" width=\"30\" height=\"30\" \/> <strong>\u00a0info@pms-crew.de<\/strong><\/p>\n<p>&nbsp;<\/p>\n<h3>taxa pe valoare adaugata \u2013 ID:<\/h3>\n<p>num\u0103rul de identificare fiscal\u0103 pe v\u00e2nz\u0103ri<br \/>\u00a727a  Legea privind impozitul pe v\u00e2nz\u0103ri<br \/>DE 271 311 314<\/p>\n<p>&nbsp;<\/p>\n<h3>autoritatea de supraveghere<\/h3>\n<p>Bundesagentur f\u00fcr Arbeit<br \/><u><a href=\"http:\/\/www.arbeitsagentur.de\">www.arbeitsagentur.de<\/a><\/p>\n<p><\/u><u><\/u><\/p>\n<p>&nbsp;<\/p>\n<h3>Responsabilitate editorial\u0103<\/h3>\n<p>Kindshuber Design &amp; Technik<br \/>Inh. Joachim Kindshuber<br \/>Schemannstr. 10<br \/>96450 Coburg<\/p>\n<p>&nbsp;<\/p>\n<h3>EU - solu\u021bionare a litigiilor<\/h3>\n<p>Comisia European\u0103 are o platform\u0103 de solu\u021bionare a litigiilor:\u00a0<span style=\"text-decoration: underline;\"><a href=\"https:\/\/ec.europa.eu\/consumers\/odr\/\">https:\/\/ec.europa.eu\/consumers\/odr\/<\/a>.<\/span><br \/>Adresa noastre de E-Mail gasit-i la impresum<\/p>\n<p>&nbsp;<\/p>\n<h3><strong>Litigii de consum \/ comisia universal\u0103 de arbitraj<\/strong><\/h3>\n<p>Nu suntem dispu\u0219i sau obliga\u021bi s\u0103 particip\u0103m la procedurile de solu\u021bionare a litigiilor \u00een fa\u021ba unei comisii de arbitraj pentru consumatori<\/p>\n<p>&nbsp;<\/p>\n<p>[\/et_pb_text][dnxte_text_animation text_animation=&#8221;%91{%22value%22:%22anytime anywhere anyjob%22,%22checked%22:0,%22dragID%22:-1}%93&#8243; dnxt_text_animation_effect=&#8221;letters type&#8221; display_type_select=&#8221;on&#8221; disabled_on=&#8221;on|off|off&#8221; admin_label=&#8221;Text Animation: anytime, anywhere, anyjob&#8221; _builder_version=&#8221;4.14.4&#8243; _module_preset=&#8221;default&#8221; heading_fonts_font=&#8221;||||||||&#8221; heading_fonts_font_size=&#8221;18px&#8221; animation_fonts_font=&#8221;Spartan||||||||&#8221; animation_fonts_text_color=&#8221;#A92725&#8243; animation_fonts_font_size=&#8221;36px&#8221; global_colors_info=&#8221;{}&#8221;][\/dnxte_text_animation][\/et_pb_column_inner][\/et_pb_row_inner][\/et_pb_column][\/et_pb_section]<\/p>","protected":false},"excerpt":{"rendered":"<p>pms crew supportImpressumANGABEN GEM\u00c4SS \u00a7 5 TMG PMS Crew Support GmbHBahnhofstra\u00dfe 796215 Lichtenfels Handelsregister: HRB 4817Registergericht: Amtsgericht Coburg VERTRETEN DURCH:Christian Tauer &nbsp; KONTAKT: \u00a0 \u00a0+49 9571 949 33 0 \u00a0+49 9571 949 33 29 \u00a0info@pms-crew.de &nbsp; UMSATZSTEUER-ID: Umsatzsteuer-Identifikationsnummergem\u00e4\u00df \u00a727 a Umsatzsteuergesetz:DE 271 311 314 &nbsp; AUFSICHTSBEH\u00d6RDE: Bundesagentur f\u00fcr Arbeitwww.arbeitsagentur.de &nbsp; REDAKTIONELL VERANTWORTLICH: Kindshuber Design &amp; [&hellip;]<\/p>","protected":false},"author":62,"featured_media":-3,"parent":0,"menu_order":0,"comment_status":"closed","ping_status":"closed","template":"","meta":{"_et_pb_use_builder":"on","_et_pb_old_content":"","_et_gb_content_width":"","footnotes":""},"class_list":["post-333875","page","type-page","status-publish","has-post-thumbnail","hentry"],"yoast_head":"<!-- This site is optimized with the Yoast SEO plugin v27.0 - https:\/\/yoast.com\/product\/yoast-seo-wordpress\/ -->\n<title>Impressum PMS crew support GmbH PMS-Crew<\/title>\n<meta name=\"description\" content=\"Als Diensteanbieter sind wir gem\u00e4\u00df \u00a7 7 Abs.1 TMG f\u00fcr eigene Inhalte auf diesen Seiten nach den allgemeinen Gesetzen verantwortlich.\" \/>\n<meta name=\"robots\" content=\"index, follow, max-snippet:-1, max-image-preview:large, max-video-preview:-1\" \/>\n<link rel=\"canonical\" href=\"https:\/\/pms-crew.de\/ro\/impressum\/\" \/>\n<meta property=\"og:locale\" content=\"ro_RO\" \/>\n<meta property=\"og:type\" content=\"article\" \/>\n<meta property=\"og:title\" content=\"Impressum PMS crew support GmbH PMS-Crew\" \/>\n<meta property=\"og:description\" content=\"Als Diensteanbieter sind wir gem\u00e4\u00df \u00a7 7 Abs.1 TMG f\u00fcr eigene Inhalte auf diesen Seiten nach den allgemeinen Gesetzen verantwortlich.\" \/>\n<meta property=\"og:url\" content=\"https:\/\/pms-crew.de\/ro\/impressum\/\" \/>\n<meta property=\"og:site_name\" content=\"PMS-Crew\" \/>\n<meta property=\"article:publisher\" content=\"https:\/\/de-de.facebook.com\/pmssupportgmbh\" \/>\n<meta property=\"article:modified_time\" content=\"2021-12-22T11:17:08+00:00\" \/>\n<meta property=\"og:image\" content=\"https:\/\/pms-crew.de\/wp-content\/uploads\/2021\/09\/wabe_start2-1.png\" \/>\n\t<meta property=\"og:image:width\" content=\"680\" \/>\n\t<meta property=\"og:image:height\" content=\"584\" \/>\n\t<meta property=\"og:image:type\" content=\"image\/png\" \/>\n<meta name=\"twitter:card\" content=\"summary_large_image\" \/>\n<meta name=\"twitter:site\" content=\"@pmscrewsupport\" \/>\n<meta name=\"twitter:label1\" content=\"Timp estimat pentru citire\" \/>\n\t<meta name=\"twitter:data1\" content=\"5 minute\" \/>\n<script type=\"application\/ld+json\" class=\"yoast-schema-graph\">{\"@context\":\"https:\/\/schema.org\",\"@graph\":[{\"@type\":\"WebPage\",\"@id\":\"https:\/\/pms-crew.de\/impressum\/\",\"url\":\"https:\/\/pms-crew.de\/impressum\/\",\"name\":\"Impressum PMS crew support GmbH PMS-Crew\",\"isPartOf\":{\"@id\":\"https:\/\/pms-crew.de\/#website\"},\"primaryImageOfPage\":{\"@id\":\"https:\/\/pms-crew.de\/impressum\/#primaryimage\"},\"image\":{\"@id\":\"https:\/\/pms-crew.de\/impressum\/#primaryimage\"},\"thumbnailUrl\":\"https:\/\/pms-crew.de\/wp-content\/uploads\/2021\/09\/outline_phone_black_48dp.png\",\"datePublished\":\"2021-09-29T10:53:38+00:00\",\"dateModified\":\"2021-12-22T11:17:08+00:00\",\"description\":\"Als Diensteanbieter sind wir gem\u00e4\u00df \u00a7 7 Abs.1 TMG f\u00fcr eigene Inhalte auf diesen Seiten nach den allgemeinen Gesetzen verantwortlich.\",\"breadcrumb\":{\"@id\":\"https:\/\/pms-crew.de\/impressum\/#breadcrumb\"},\"inLanguage\":\"ro-RO\",\"potentialAction\":[{\"@type\":\"ReadAction\",\"target\":[\"https:\/\/pms-crew.de\/impressum\/\"]}]},{\"@type\":\"ImageObject\",\"inLanguage\":\"ro-RO\",\"@id\":\"https:\/\/pms-crew.de\/impressum\/#primaryimage\",\"url\":\"https:\/\/pms-crew.de\/wp-content\/uploads\/2021\/09\/outline_phone_black_48dp.png\",\"contentUrl\":\"https:\/\/pms-crew.de\/wp-content\/uploads\/2021\/09\/outline_phone_black_48dp.png\"},{\"@type\":\"BreadcrumbList\",\"@id\":\"https:\/\/pms-crew.de\/impressum\/#breadcrumb\",\"itemListElement\":[{\"@type\":\"ListItem\",\"position\":1,\"name\":\"Startseite\",\"item\":\"https:\/\/pms-crew.de\/\"},{\"@type\":\"ListItem\",\"position\":2,\"name\":\"Impressum\"}]},{\"@type\":\"WebSite\",\"@id\":\"https:\/\/pms-crew.de\/#website\",\"url\":\"https:\/\/pms-crew.de\/\",\"name\":\"PMS-Crew\",\"description\":\"anywhere - anytime - anyjob\",\"publisher\":{\"@id\":\"https:\/\/pms-crew.de\/#organization\"},\"potentialAction\":[{\"@type\":\"SearchAction\",\"target\":{\"@type\":\"EntryPoint\",\"urlTemplate\":\"https:\/\/pms-crew.de\/?s={search_term_string}\"},\"query-input\":{\"@type\":\"PropertyValueSpecification\",\"valueRequired\":true,\"valueName\":\"search_term_string\"}}],\"inLanguage\":\"ro-RO\"},{\"@type\":\"Organization\",\"@id\":\"https:\/\/pms-crew.de\/#organization\",\"name\":\"PMS Crew Support GmbH\",\"url\":\"https:\/\/pms-crew.de\/\",\"logo\":{\"@type\":\"ImageObject\",\"inLanguage\":\"ro-RO\",\"@id\":\"https:\/\/pms-crew.de\/#\/schema\/logo\/image\/\",\"url\":\"https:\/\/pms-crew.de\/wp-content\/uploads\/2021\/09\/PMS-Logo-RGB-positiv.png\",\"contentUrl\":\"https:\/\/pms-crew.de\/wp-content\/uploads\/2021\/09\/PMS-Logo-RGB-positiv.png\",\"width\":3010,\"height\":989,\"caption\":\"PMS Crew Support GmbH\"},\"image\":{\"@id\":\"https:\/\/pms-crew.de\/#\/schema\/logo\/image\/\"},\"sameAs\":[\"https:\/\/de-de.facebook.com\/pmssupportgmbh\",\"https:\/\/x.com\/pmscrewsupport\",\"https:\/\/www.youtube.com\/channel\/UCXzk4SCGUcQ2_95Skkgnnkg\"]}]}<\/script>\n<!-- \/ Yoast SEO plugin. -->","yoast_head_json":{"title":"Impressum PMS crew support GmbH PMS-Crew","description":"Als Diensteanbieter sind wir gem\u00e4\u00df \u00a7 7 Abs.1 TMG f\u00fcr eigene Inhalte auf diesen Seiten nach den allgemeinen Gesetzen verantwortlich.","robots":{"index":"index","follow":"follow","max-snippet":"max-snippet:-1","max-image-preview":"max-image-preview:large","max-video-preview":"max-video-preview:-1"},"canonical":"https:\/\/pms-crew.de\/ro\/impressum\/","og_locale":"ro_RO","og_type":"article","og_title":"Impressum PMS crew support GmbH PMS-Crew","og_description":"Als Diensteanbieter sind wir gem\u00e4\u00df \u00a7 7 Abs.1 TMG f\u00fcr eigene Inhalte auf diesen Seiten nach den allgemeinen Gesetzen verantwortlich.","og_url":"https:\/\/pms-crew.de\/ro\/impressum\/","og_site_name":"PMS-Crew","article_publisher":"https:\/\/de-de.facebook.com\/pmssupportgmbh","article_modified_time":"2021-12-22T11:17:08+00:00","og_image":[{"width":680,"height":584,"url":"https:\/\/pms-crew.de\/wp-content\/uploads\/2021\/09\/wabe_start2-1.png","type":"image\/png"}],"twitter_card":"summary_large_image","twitter_site":"@pmscrewsupport","twitter_misc":{"Timp estimat pentru citire":"5 minute"},"schema":{"@context":"https:\/\/schema.org","@graph":[{"@type":"WebPage","@id":"https:\/\/pms-crew.de\/impressum\/","url":"https:\/\/pms-crew.de\/impressum\/","name":"Impressum PMS crew support GmbH PMS-Crew","isPartOf":{"@id":"https:\/\/pms-crew.de\/#website"},"primaryImageOfPage":{"@id":"https:\/\/pms-crew.de\/impressum\/#primaryimage"},"image":{"@id":"https:\/\/pms-crew.de\/impressum\/#primaryimage"},"thumbnailUrl":"https:\/\/pms-crew.de\/wp-content\/uploads\/2021\/09\/outline_phone_black_48dp.png","datePublished":"2021-09-29T10:53:38+00:00","dateModified":"2021-12-22T11:17:08+00:00","description":"Als Diensteanbieter sind wir gem\u00e4\u00df \u00a7 7 Abs.1 TMG f\u00fcr eigene Inhalte auf diesen Seiten nach den allgemeinen Gesetzen verantwortlich.","breadcrumb":{"@id":"https:\/\/pms-crew.de\/impressum\/#breadcrumb"},"inLanguage":"ro-RO","potentialAction":[{"@type":"ReadAction","target":["https:\/\/pms-crew.de\/impressum\/"]}]},{"@type":"ImageObject","inLanguage":"ro-RO","@id":"https:\/\/pms-crew.de\/impressum\/#primaryimage","url":"https:\/\/pms-crew.de\/wp-content\/uploads\/2021\/09\/outline_phone_black_48dp.png","contentUrl":"https:\/\/pms-crew.de\/wp-content\/uploads\/2021\/09\/outline_phone_black_48dp.png"},{"@type":"BreadcrumbList","@id":"https:\/\/pms-crew.de\/impressum\/#breadcrumb","itemListElement":[{"@type":"ListItem","position":1,"name":"Startseite","item":"https:\/\/pms-crew.de\/"},{"@type":"ListItem","position":2,"name":"Impressum"}]},{"@type":"WebSite","@id":"https:\/\/pms-crew.de\/#website","url":"https:\/\/pms-crew.de\/","name":"PMS-Crew","description":"anywhere - anytime - anyjob","publisher":{"@id":"https:\/\/pms-crew.de\/#organization"},"potentialAction":[{"@type":"SearchAction","target":{"@type":"EntryPoint","urlTemplate":"https:\/\/pms-crew.de\/?s={search_term_string}"},"query-input":{"@type":"PropertyValueSpecification","valueRequired":true,"valueName":"search_term_string"}}],"inLanguage":"ro-RO"},{"@type":"Organization","@id":"https:\/\/pms-crew.de\/#organization","name":"PMS Crew Support GmbH","url":"https:\/\/pms-crew.de\/","logo":{"@type":"ImageObject","inLanguage":"ro-RO","@id":"https:\/\/pms-crew.de\/#\/schema\/logo\/image\/","url":"https:\/\/pms-crew.de\/wp-content\/uploads\/2021\/09\/PMS-Logo-RGB-positiv.png","contentUrl":"https:\/\/pms-crew.de\/wp-content\/uploads\/2021\/09\/PMS-Logo-RGB-positiv.png","width":3010,"height":989,"caption":"PMS Crew Support GmbH"},"image":{"@id":"https:\/\/pms-crew.de\/#\/schema\/logo\/image\/"},"sameAs":["https:\/\/de-de.facebook.com\/pmssupportgmbh","https:\/\/x.com\/pmscrewsupport","https:\/\/www.youtube.com\/channel\/UCXzk4SCGUcQ2_95Skkgnnkg"]}]}},"publishpress_future_action":{"enabled":false,"date":"2026-04-18 10:58:44","action":"change-status","newStatus":"draft","terms":[],"taxonomy":"","extraData":[]},"publishpress_future_workflow_manual_trigger":{"enabledWorkflows":[]},"_links":{"self":[{"href":"https:\/\/pms-crew.de\/ro\/wp-json\/wp\/v2\/pages\/333875","targetHints":{"allow":["GET"]}}],"collection":[{"href":"https:\/\/pms-crew.de\/ro\/wp-json\/wp\/v2\/pages"}],"about":[{"href":"https:\/\/pms-crew.de\/ro\/wp-json\/wp\/v2\/types\/page"}],"author":[{"embeddable":true,"href":"https:\/\/pms-crew.de\/ro\/wp-json\/wp\/v2\/users\/62"}],"replies":[{"embeddable":true,"href":"https:\/\/pms-crew.de\/ro\/wp-json\/wp\/v2\/comments?post=333875"}],"version-history":[{"count":12,"href":"https:\/\/pms-crew.de\/ro\/wp-json\/wp\/v2\/pages\/333875\/revisions"}],"predecessor-version":[{"id":335211,"href":"https:\/\/pms-crew.de\/ro\/wp-json\/wp\/v2\/pages\/333875\/revisions\/335211"}],"wp:featuredmedia":[{"embeddable":true,"href":"https:\/\/pms-crew.de\/ro\/wp-json\/"}],"wp:attachment":[{"href":"https:\/\/pms-crew.de\/ro\/wp-json\/wp\/v2\/media?parent=333875"}],"curies":[{"name":"wp","href":"https:\/\/api.w.org\/{rel}","templated":true}]}}